{"id":33,"date":"2026-04-19T10:44:01","date_gmt":"2026-04-19T10:44:01","guid":{"rendered":"https:\/\/cupages.com\/?page_id=33"},"modified":"2026-04-19T11:09:48","modified_gmt":"2026-04-19T11:09:48","slug":"preise","status":"publish","type":"page","link":"https:\/\/cupages.com\/?page_id=33","title":{"rendered":"Preise"},"content":{"rendered":"<div  class='flex_column av-av_one_full-a2cef933b0a555f25d1e39b22a8e9dae av_one_full  avia-builder-el-0  avia-builder-el-no-sibling  first flex_column_div  '     ><section  class='av_textblock_section av-mo5nv2ni-251f1f76ce22b4af3821fc6d5dcc9d05 '   itemscope=\"itemscope\" itemtype=\"https:\/\/schema.org\/CreativeWork\" ><div class='avia_textblock'  itemprop=\"text\" ><h3><span style=\"color: #c4974a;\">Preise<\/span><\/h3>\n<h2>Transparent. Fair. Individuell.<\/h2>\n<p>Keine versteckten Kosten, kein Kleingedrucktes. Alle Preise sind Richtwerte \u2013 das finale Angebot orientiert sich an deinem Projekt.<\/p>\n<\/div><\/section><br \/>\n<div  class='av-catalogue-container av-mo5nz3gg-978546dac62b4c3a3c7ed6a72e8e4ec8  avia-builder-el-2  el_after_av_textblock  avia-builder-el-last '><ul class='av-catalogue-list'>\n<li><div class='av-catalogue-item av-mo5nxhuf-c27cb4564f89935eb0077b20aa0463a3' ><div class=\"av-catalogue-item-inner\"><div class=\"av-catalogue-title-container\"><div class='av-catalogue-title'>Korrektorat<\/div><div class='av-catalogue-price'>ab 2,50 \u20ac<\/div><\/div><div class=\"av-catalogue-content\">\n<div class=\"price-display\">\n<div id=\"p1\" class=\"card-price\">ab 2,50 \u20ac<\/div>\n<div id=\"u1\" class=\"card-unit\">pro Normseite (1.500 Zeichen)<\/div>\n<\/div>\n<div class=\"card-desc\">Rechtschreibung, Grammatik &amp; Zeichensetzung. Ideal als letzter Schliff vor der Abgabe.<\/div>\n<hr class=\"card-divider\" \/>\n<ul class=\"feature-list\">\n<li><span class=\"check\">\u2713<\/span>Orthografie &amp; Grammatik<\/li>\n<li><span class=\"check\">\u2713<\/span>Zeichensetzung &amp; Tippfehler<\/li>\n<li><span class=\"check\">\u2713<\/span>Einheitliche Schreibweisen<\/li>\n<li><span class=\"check\">\u2713<\/span>\u00c4nderungsverfolgung in Word<\/li>\n<\/ul>\n<\/div><\/div><\/div><\/li>\n<li><div class='av-catalogue-item av-mo5ny7ao-0074ccfe1251623507fe3fbd93a77439' ><div class=\"av-catalogue-item-inner\"><div class=\"av-catalogue-title-container\"><div class='av-catalogue-title'>Lektorat<\/div><div class='av-catalogue-price'>ab 4,50 \u20ac<\/div><\/div><div class=\"av-catalogue-content\">\n<div class=\"price-display\">\n<div id=\"p2\" class=\"card-price\">ab 4,50 \u20ac<\/div>\n<div id=\"u2\" class=\"card-unit\">pro Normseite (1.500 Zeichen)<\/div>\n<\/div>\n<div class=\"card-desc\">Sprache, Stil &amp; Struktur. F\u00fcr Romane, Sachb\u00fccher und alle Texte, die wirklich \u00fcberzeugen sollen.<\/div>\n<hr class=\"card-divider\" \/>\n<ul class=\"feature-list\">\n<li><span class=\"check\">\u2713<\/span>Alles aus dem Korrektorat<\/li>\n<li><span class=\"check\">\u2713<\/span>Stilistik &amp; Lesbarkeit<\/li>\n<li><span class=\"check\">\u2713<\/span>Struktur &amp; Aufbau<\/li>\n<li><span class=\"check\">\u2713<\/span>Ausf\u00fchrliches Lektoratsgutachten<\/li>\n<li><span class=\"check\">\u2713<\/span>Eine \u00dcberarbeitungsrunde inklusive<\/li>\n<\/ul>\n<\/div><\/div><\/div><\/li>\n<li><div class='av-catalogue-item av-mo5nysca-23b88a89565a2b50ab01e3e2d3e8b4e6' ><div class=\"av-catalogue-item-inner\"><div class=\"av-catalogue-title-container\"><div class='av-catalogue-title'>Abschlussarbeit<\/div><div class='av-catalogue-price'>ab 3,50 \u20ac<\/div><\/div><div class=\"av-catalogue-content\">\n<div class=\"price-display\">\n<div id=\"p3\" class=\"card-price\">ab 3,50 \u20ac<\/div>\n<div id=\"u3\" class=\"card-unit\">pro Normseite (1.500 Zeichen)<\/div>\n<\/div>\n<div class=\"card-desc\">Speziell f\u00fcr Bachelor-, Master- und Doktorarbeiten. Wissenschaftlicher Stil, formale Vorgaben, Zitierweise.<\/div>\n<hr class=\"card-divider\" \/>\n<ul class=\"feature-list\">\n<li><span class=\"check\">\u2713<\/span>Korrektorat inklusive<\/li>\n<li><span class=\"check\">\u2713<\/span>Wissenschaftlicher Ausdruck<\/li>\n<li><span class=\"check\">\u2713<\/span>Zitierweise &amp; Formatierung<\/li>\n<li><span class=\"check\">\u2713<\/span>Expresslieferung m\u00f6glich<\/li>\n<\/ul>\n<\/div><\/div><\/div><\/li>\n<\/ul><\/div><\/p><\/div>\n","protected":false},"excerpt":{"rendered":"","protected":false},"author":1,"featured_media":0,"parent":0,"menu_order":0,"comment_status":"closed","ping_status":"closed","template":"","meta":{"footnotes":""},"class_list":["post-33","page","type-page","status-publish","hentry"],"yoast_head":"<!-- This site is optimized with the Yoast SEO plugin v27.4 - https:\/\/yoast.com\/product\/yoast-seo-wordpress\/ -->\n<title>Preise - cu pages<\/title>\n<meta name=\"robots\" content=\"index, follow, max-snippet:-1, max-image-preview:large, max-video-preview:-1\" \/>\n<link rel=\"canonical\" href=\"https:\/\/cupages.com\/?page_id=33\" \/>\n<meta property=\"og:locale\" content=\"de_DE\" \/>\n<meta property=\"og:type\" content=\"article\" \/>\n<meta property=\"og:title\" content=\"Preise - cu pages\" \/>\n<meta property=\"og:url\" content=\"https:\/\/cupages.com\/?page_id=33\" \/>\n<meta property=\"og:site_name\" content=\"cu pages\" \/>\n<meta property=\"article:modified_time\" content=\"2026-04-19T11:09:48+00:00\" \/>\n<meta name=\"twitter:card\" content=\"summary_large_image\" \/>\n<meta name=\"twitter:label1\" content=\"Gesch\u00e4tzte Lesezeit\" \/>\n\t<meta name=\"twitter:data1\" content=\"1\u00a0Minute\" \/>\n<script type=\"application\/ld+json\" class=\"yoast-schema-graph\">{\"@context\":\"https:\\\/\\\/schema.org\",\"@graph\":[{\"@type\":\"WebPage\",\"@id\":\"https:\\\/\\\/cupages.com\\\/?page_id=33\",\"url\":\"https:\\\/\\\/cupages.com\\\/?page_id=33\",\"name\":\"Preise - cu pages\",\"isPartOf\":{\"@id\":\"https:\\\/\\\/cupages.com\\\/#website\"},\"datePublished\":\"2026-04-19T10:44:01+00:00\",\"dateModified\":\"2026-04-19T11:09:48+00:00\",\"breadcrumb\":{\"@id\":\"https:\\\/\\\/cupages.com\\\/?page_id=33#breadcrumb\"},\"inLanguage\":\"de\",\"potentialAction\":[{\"@type\":\"ReadAction\",\"target\":[\"https:\\\/\\\/cupages.com\\\/?page_id=33\"]}]},{\"@type\":\"BreadcrumbList\",\"@id\":\"https:\\\/\\\/cupages.com\\\/?page_id=33#breadcrumb\",\"itemListElement\":[{\"@type\":\"ListItem\",\"position\":1,\"name\":\"Start\",\"item\":\"https:\\\/\\\/cupages.com\\\/?page_id=9\"},{\"@type\":\"ListItem\",\"position\":2,\"name\":\"Preise\"}]},{\"@type\":\"WebSite\",\"@id\":\"https:\\\/\\\/cupages.com\\\/#website\",\"url\":\"https:\\\/\\\/cupages.com\\\/\",\"name\":\"cu pages\",\"description\":\"we see you create\",\"potentialAction\":[{\"@type\":\"SearchAction\",\"target\":{\"@type\":\"EntryPoint\",\"urlTemplate\":\"https:\\\/\\\/cupages.com\\\/?s={search_term_string}\"},\"query-input\":{\"@type\":\"PropertyValueSpecification\",\"valueRequired\":true,\"valueName\":\"search_term_string\"}}],\"inLanguage\":\"de\"}]}<\/script>\n<!-- \/ Yoast SEO plugin. -->","yoast_head_json":{"title":"Preise - cu pages","robots":{"index":"index","follow":"follow","max-snippet":"max-snippet:-1","max-image-preview":"max-image-preview:large","max-video-preview":"max-video-preview:-1"},"canonical":"https:\/\/cupages.com\/?page_id=33","og_locale":"de_DE","og_type":"article","og_title":"Preise - cu pages","og_url":"https:\/\/cupages.com\/?page_id=33","og_site_name":"cu pages","article_modified_time":"2026-04-19T11:09:48+00:00","twitter_card":"summary_large_image","twitter_misc":{"Gesch\u00e4tzte Lesezeit":"1\u00a0Minute"},"schema":{"@context":"https:\/\/schema.org","@graph":[{"@type":"WebPage","@id":"https:\/\/cupages.com\/?page_id=33","url":"https:\/\/cupages.com\/?page_id=33","name":"Preise - cu pages","isPartOf":{"@id":"https:\/\/cupages.com\/#website"},"datePublished":"2026-04-19T10:44:01+00:00","dateModified":"2026-04-19T11:09:48+00:00","breadcrumb":{"@id":"https:\/\/cupages.com\/?page_id=33#breadcrumb"},"inLanguage":"de","potentialAction":[{"@type":"ReadAction","target":["https:\/\/cupages.com\/?page_id=33"]}]},{"@type":"BreadcrumbList","@id":"https:\/\/cupages.com\/?page_id=33#breadcrumb","itemListElement":[{"@type":"ListItem","position":1,"name":"Start","item":"https:\/\/cupages.com\/?page_id=9"},{"@type":"ListItem","position":2,"name":"Preise"}]},{"@type":"WebSite","@id":"https:\/\/cupages.com\/#website","url":"https:\/\/cupages.com\/","name":"cu pages","description":"we see you create","potentialAction":[{"@type":"SearchAction","target":{"@type":"EntryPoint","urlTemplate":"https:\/\/cupages.com\/?s={search_term_string}"},"query-input":{"@type":"PropertyValueSpecification","valueRequired":true,"valueName":"search_term_string"}}],"inLanguage":"de"}]}},"_links":{"self":[{"href":"https:\/\/cupages.com\/index.php?rest_route=\/wp\/v2\/pages\/33","targetHints":{"allow":["GET"]}}],"collection":[{"href":"https:\/\/cupages.com\/index.php?rest_route=\/wp\/v2\/pages"}],"about":[{"href":"https:\/\/cupages.com\/index.php?rest_route=\/wp\/v2\/types\/page"}],"author":[{"embeddable":true,"href":"https:\/\/cupages.com\/index.php?rest_route=\/wp\/v2\/users\/1"}],"replies":[{"embeddable":true,"href":"https:\/\/cupages.com\/index.php?rest_route=%2Fwp%2Fv2%2Fcomments&post=33"}],"version-history":[{"count":2,"href":"https:\/\/cupages.com\/index.php?rest_route=\/wp\/v2\/pages\/33\/revisions"}],"predecessor-version":[{"id":49,"href":"https:\/\/cupages.com\/index.php?rest_route=\/wp\/v2\/pages\/33\/revisions\/49"}],"wp:attachment":[{"href":"https:\/\/cupages.com\/index.php?rest_route=%2Fwp%2Fv2%2Fmedia&parent=33"}],"curies":[{"name":"wp","href":"https:\/\/api.w.org\/{rel}","templated":true}]}}