{"id":35,"date":"2026-04-19T10:44:19","date_gmt":"2026-04-19T10:44:19","guid":{"rendered":"https:\/\/cupages.com\/?page_id=35"},"modified":"2026-04-19T11:36:15","modified_gmt":"2026-04-19T11:36:15","slug":"kontakt","status":"publish","type":"page","link":"https:\/\/cupages.com\/?page_id=35","title":{"rendered":"Kontakt"},"content":{"rendered":"<div  class='flex_column av-3qq0z-cddc39d09780f7eb636a210ea179a995 av_one_full  avia-builder-el-0  el_before_av_one_half  avia-builder-el-first  first flex_column_div  '     ><section  class='av_textblock_section av-mo5na9aa-1fe768d566b45007727b4979b48c405f '   itemscope=\"itemscope\" itemtype=\"https:\/\/schema.org\/CreativeWork\" ><div class='avia_textblock'  itemprop=\"text\" ><h3>KONTAKT<\/h3>\n<h2>Lass uns \u00fcber deinen Text sprechen.<\/h2>\n<p>Kein Projekt ist zu gro\u00df oder zu klein. Schildere uns kurz, woran du arbeitest \u2013 wir melden uns innerhalb von 48 Stunden bei dir.<\/p>\n<\/div><\/section><\/div>\n<div  class='flex_column av-3hzaf-769c8de07bc18f1e4672afc58db07c75 av_one_half  avia-builder-el-2  el_after_av_one_full  el_before_av_one_half  first flex_column_div  column-top-margin'     ><form action=\"https:\/\/cupages.com\/?page_id=35\" method=\"post\" data-fields-with-error=\"Fehler wurden in folgenden Feld(ern) gefunden:\" class=\"avia_ajax_form av-form-labels-visible   avia-builder-el-3  avia-builder-el-no-sibling   \" data-avia-form-id=\"1\" data-avia-redirect=''  aria-label='Kontaktformular' ><h3 class=''>Anfrage senden<\/h3><fieldset><p class='  first_form  form_element form_fullwidth' id='element_avia_1_1'><label for=\"avia_1_1\">Name <abbr class=\"required\" title=\"ben\u00f6tigt\">*<\/abbr><\/label> <input name=\"avia_1_1\" class=\"text_input is_empty\" type=\"text\" id=\"avia_1_1\" value=\"\" \/><\/p><p class='  first_form  form_element form_fullwidth' id='element_avia_2_1'><label for=\"avia_2_1\">E-Mail <abbr class=\"required\" title=\"ben\u00f6tigt\">*<\/abbr><\/label> <input name=\"avia_2_1\" class=\"text_input is_email\" type=\"text\" id=\"avia_2_1\" value=\"\" \/><\/p><p class='  first_form  form_element form_fullwidth' id='element_avia_3_1'><label for=\"avia_3_1\">Art des Projekts <abbr class=\"required\" title=\"ben\u00f6tigt\">*<\/abbr><\/label><select  name=\"avia_3_1\" class=\"select is_empty\" id=\"avia_3_1\"><option   value='Lektorat - Roman\/Fiktion'>Lektorat - Roman\/Fiktion<\/option><option   value='Bachelorarbeit'>Bachelorarbeit<\/option><option   value='Masterarbeit'>Masterarbeit<\/option><\/select><\/p><p class='  first_form  form_element form_fullwidth' id='element_avia_4_1'><label for=\"avia_4_1\">Wunschtermin \/ Deadline <abbr class=\"required\" title=\"ben\u00f6tigt\">*<\/abbr><\/label> <input name=\"avia_4_1\" class=\"avia_datepicker text_input is_empty\" type=\"text\" id=\"avia_4_1\" value=\"\" placeholder=\"DD \/ MM \/ YY\" inputmode=\"none\" \/><\/p><p class='  first_form  form_element form_fullwidth' id='element_avia_5_1'><label for=\"avia_5_1\">Umfang (ca. W\u00f6rter) <abbr class=\"required\" title=\"ben\u00f6tigt\">*<\/abbr><\/label> <input name=\"avia_5_1\" class=\"text_input is_positiv_number\" type=\"text\" id=\"avia_5_1\" value=\"\" \/><\/p><p class='  first_form  form_element form_fullwidth av-last-visible-form-element' id='element_avia_6_1'><label for=\"avia_6_1\" class=\"textare_label hidden textare_label_avia_6_1\">Dein Projekt <abbr class=\"required\" title=\"ben\u00f6tigt\">*<\/abbr><\/label><textarea  name=\"avia_6_1\" class=\"text_area is_empty\" cols=\"40\" rows=\"7\" id=\"avia_6_1\" ><\/textarea><\/p><p class=\"hidden\"><input type=\"text\" name=\"avia_7_1\" class=\"hidden \" id=\"avia_7_1\" value=\"\" \/><\/p><p class=\"form_element \"><input type=\"hidden\" value=\"1\" name=\"avia_generated_form1\" \/><input type=\"submit\" value=\"Senden\" class=\"button\"  data-sending-label=\"Sende\"\/><\/p><\/fieldset><\/form><div id=\"ajaxresponse_1\" class=\"ajaxresponse ajaxresponse_1 hidden\"><\/div><\/div>\n<div  class='flex_column av-1dkin-f287f3d34f63dc91f77b2fc188ae8c42 av_one_half  avia-builder-el-4  el_after_av_one_half  el_before_av_one_full  flex_column_div  column-top-margin'     ><section  class='av_textblock_section av-mo5nin2a-310045954eda8625af30be58f3c684f3 '   itemscope=\"itemscope\" itemtype=\"https:\/\/schema.org\/CreativeWork\" ><div class='avia_textblock'  itemprop=\"text\" ><div><strong>So erreichst du uns<\/strong><\/div>\n<div><\/div>\n<div class=\"en-note\"><\/div>\n<div class=\"info-block\">\n<div class=\"info-title\"><strong><span class=\"info-icon\">E-Mail<\/span><\/strong><\/div>\n<div class=\"info-text\">hallo@cupages.com<\/div>\n<\/div>\n<div class=\"info-block\">\n<div><\/div>\n<div><\/div>\n<div class=\"info-title\"><strong><span class=\"info-icon\">Antwortzeit<\/span><\/strong><\/div>\n<div class=\"info-title\">Innerhalb von 48 Stunden \u2013 meist schneller.<\/div>\n<div><\/div>\n<\/div>\n<div class=\"info-block\">\n<div class=\"info-title\"><strong><span class=\"info-icon\">Verf\u00fcgbarkeit \/ Availability<\/span><\/strong><\/div>\n<div class=\"info-text\">Mo \u2013 Fr, 9:00 \u2013 18:00 Uhr<\/div>\n<\/div>\n<div><\/div>\n<div><\/div>\n<div class=\"info-block\"><\/div>\n<\/div><\/section><br \/>\n<div  class='hr av-av_hr-bca31578670ae9d408d6d6d291fc57a6 hr-default  avia-builder-el-6  el_after_av_textblock  el_before_av_icon_box '><span class='hr-inner '><span class=\"hr-inner-style\"><\/span><\/span><\/div><br \/>\n<article  class='iconbox iconbox_left av-mo5nkq4s-768f62247f48dfc33e9e665065148a2f  avia-builder-el-7  el_after_av_hr  avia-builder-el-last '  itemscope=\"itemscope\" itemtype=\"https:\/\/schema.org\/CreativeWork\" ><div class=\"iconbox_content\"><header class=\"entry-content-header\" aria-label=\"Icon: Erstgespr\u00e4ch kostenlos\"><div class='iconbox_icon heading-color avia-iconfont avia-font-entypo-fontello' data-av_icon='\ue806' data-av_iconfont='entypo-fontello'  ><\/div><h3 class='iconbox_content_title '  itemprop=\"headline\" >Erstgespr\u00e4ch kostenlos<\/h3><\/header><div class='iconbox_content_container '  itemprop=\"text\" ><p>Noch unsicher, ob dein Projekt passt? Schreib uns einfach \u2013 das erste Gespr\u00e4ch ist immer unverbindlich und kostenlos.<\/p>\n<\/div><\/div><footer class=\"entry-footer\"><\/footer><\/article><\/p><\/div><div  class='flex_column av-3q1z-43db400ecb06e82cf499ee6fd08efa68 av_one_full  avia-builder-el-8  el_after_av_one_half  avia-builder-el-last  first flex_column_div  column-top-margin'     ><section  class='av_textblock_section av-mo5np2br-67ae7c0fc610dadd687e9b12c441a5c6 '   itemscope=\"itemscope\" itemtype=\"https:\/\/schema.org\/CreativeWork\" ><div class='avia_textblock'  itemprop=\"text\" ><h2>H\u00e4ufige Fragen \/ FAQ<\/h2>\n<\/div><\/section><br \/>\n<div  class='togglecontainer av-mo5nnt9h-94de465747dfa9fce73fcdd53f0ead32  avia-builder-el-10  el_after_av_textblock  avia-builder-el-last  toggle_close_all' >\n<section class='av_toggle_section av-mo5nmuno-007ce1b65c414aade871abcf23f85fbc'  itemscope=\"itemscope\" itemtype=\"https:\/\/schema.org\/CreativeWork\" ><div role=\"tablist\" class=\"single_toggle\" data-tags=\"{Alle} \"  ><p id='toggle-toggle-id-1' data-fake-id='#toggle-id-1' class='toggler  av-title-above '  itemprop=\"headline\"  role='tab' tabindex='0' aria-controls='toggle-id-1' data-slide-speed=\"200\" data-title=\"Wie lange dauert ein Lektorat?\" data-title-open=\"\" data-aria_collapsed=\"Click to expand: Wie lange dauert ein Lektorat?\" data-aria_expanded=\"Click to collapse: Wie lange dauert ein Lektorat?\">Wie lange dauert ein Lektorat?<span class=\"toggle_icon\"><span class=\"vert_icon\"><\/span><span class=\"hor_icon\"><\/span><\/span><\/p><div id='toggle-id-1' aria-labelledby='toggle-toggle-id-1' role='region' class='toggle_wrap  av-title-above'  ><div class='toggle_content invers-color '  itemprop=\"text\" ><p>Das h\u00e4ngt vom Umfang ab. Als Faustregel: ca. 1 Woche pro 50.000 W\u00f6rter. Expresslektorate sind nach Absprache m\u00f6glich.<\/p>\n<\/div><\/div><\/div><\/section>\n<section class='av_toggle_section av-mo5nncks-cb060d976b60435c61a893d1ca161dc0'  itemscope=\"itemscope\" itemtype=\"https:\/\/schema.org\/CreativeWork\" ><div role=\"tablist\" class=\"single_toggle\" data-tags=\"{Alle} \"  ><p id='toggle-toggle-id-2' data-fake-id='#toggle-id-2' class='toggler  av-title-above '  itemprop=\"headline\"  role='tab' tabindex='0' aria-controls='toggle-id-2' data-slide-speed=\"200\" data-title=\"In welchem Format nehmt ihr Texte an?\" data-title-open=\"\" data-aria_collapsed=\"Click to expand: In welchem Format nehmt ihr Texte an?\" data-aria_expanded=\"Click to collapse: In welchem Format nehmt ihr Texte an?\">In welchem Format nehmt ihr Texte an?<span class=\"toggle_icon\"><span class=\"vert_icon\"><\/span><span class=\"hor_icon\"><\/span><\/span><\/p><div id='toggle-id-2' aria-labelledby='toggle-toggle-id-2' role='region' class='toggle_wrap  av-title-above'  ><div class='toggle_content invers-color '  itemprop=\"text\" ><p>Wir arbeiten mit Word (.docx), Google Docs und PDF. Andere Formate gerne auf Anfrage.<\/p>\n<\/div><\/div><\/div><\/section>\n<section class='av_toggle_section av-mo5nns7j-cedcecd210d273b02764d769da5269a0'  itemscope=\"itemscope\" itemtype=\"https:\/\/schema.org\/CreativeWork\" ><div role=\"tablist\" class=\"single_toggle\" data-tags=\"{Alle} \"  ><p id='toggle-toggle-id-3' data-fake-id='#toggle-id-3' class='toggler  av-title-above '  itemprop=\"headline\"  role='tab' tabindex='0' aria-controls='toggle-id-3' data-slide-speed=\"200\" data-title=\"Bleibt mein Text vertraulich?\" data-title-open=\"\" data-aria_collapsed=\"Click to expand: Bleibt mein Text vertraulich?\" data-aria_expanded=\"Click to collapse: Bleibt mein Text vertraulich?\">Bleibt mein Text vertraulich?<span class=\"toggle_icon\"><span class=\"vert_icon\"><\/span><span class=\"hor_icon\"><\/span><\/span><\/p><div id='toggle-id-3' aria-labelledby='toggle-toggle-id-3' role='region' class='toggle_wrap  av-title-above'  ><div class='toggle_content invers-color '  itemprop=\"text\" ><div class=\"faq-a\">Selbstverst\u00e4ndlich. Alle eingesandten Texte werden streng vertraulich behandelt. Eine NDA ist auf Wunsch m\u00f6glich.<\/div>\n<\/div><\/div><\/div><\/section>\n<\/div><\/p><\/div><\/p>\n","protected":false},"excerpt":{"rendered":"","protected":false},"author":1,"featured_media":0,"parent":0,"menu_order":0,"comment_status":"closed","ping_status":"closed","template":"","meta":{"footnotes":""},"class_list":["post-35","page","type-page","status-publish","hentry"],"yoast_head":"<!-- This site is optimized with the Yoast SEO plugin v27.4 - https:\/\/yoast.com\/product\/yoast-seo-wordpress\/ -->\n<title>Kontakt - cu pages<\/title>\n<meta name=\"robots\" content=\"index, follow, max-snippet:-1, max-image-preview:large, max-video-preview:-1\" \/>\n<link rel=\"canonical\" href=\"https:\/\/cupages.com\/?page_id=35\" \/>\n<meta property=\"og:locale\" content=\"de_DE\" \/>\n<meta property=\"og:type\" content=\"article\" \/>\n<meta property=\"og:title\" content=\"Kontakt - cu pages\" \/>\n<meta property=\"og:url\" content=\"https:\/\/cupages.com\/?page_id=35\" \/>\n<meta property=\"og:site_name\" content=\"cu pages\" \/>\n<meta property=\"article:modified_time\" content=\"2026-04-19T11:36:15+00:00\" \/>\n<meta name=\"twitter:card\" content=\"summary_large_image\" \/>\n<meta name=\"twitter:label1\" content=\"Gesch\u00e4tzte Lesezeit\" \/>\n\t<meta name=\"twitter:data1\" content=\"1\u00a0Minute\" \/>\n<script type=\"application\/ld+json\" class=\"yoast-schema-graph\">{\"@context\":\"https:\\\/\\\/schema.org\",\"@graph\":[{\"@type\":\"WebPage\",\"@id\":\"https:\\\/\\\/cupages.com\\\/?page_id=35\",\"url\":\"https:\\\/\\\/cupages.com\\\/?page_id=35\",\"name\":\"Kontakt - cu pages\",\"isPartOf\":{\"@id\":\"https:\\\/\\\/cupages.com\\\/#website\"},\"datePublished\":\"2026-04-19T10:44:19+00:00\",\"dateModified\":\"2026-04-19T11:36:15+00:00\",\"breadcrumb\":{\"@id\":\"https:\\\/\\\/cupages.com\\\/?page_id=35#breadcrumb\"},\"inLanguage\":\"de\",\"potentialAction\":[{\"@type\":\"ReadAction\",\"target\":[\"https:\\\/\\\/cupages.com\\\/?page_id=35\"]}]},{\"@type\":\"BreadcrumbList\",\"@id\":\"https:\\\/\\\/cupages.com\\\/?page_id=35#breadcrumb\",\"itemListElement\":[{\"@type\":\"ListItem\",\"position\":1,\"name\":\"Start\",\"item\":\"https:\\\/\\\/cupages.com\\\/?page_id=9\"},{\"@type\":\"ListItem\",\"position\":2,\"name\":\"Kontakt\"}]},{\"@type\":\"WebSite\",\"@id\":\"https:\\\/\\\/cupages.com\\\/#website\",\"url\":\"https:\\\/\\\/cupages.com\\\/\",\"name\":\"cu pages\",\"description\":\"we see you create\",\"potentialAction\":[{\"@type\":\"SearchAction\",\"target\":{\"@type\":\"EntryPoint\",\"urlTemplate\":\"https:\\\/\\\/cupages.com\\\/?s={search_term_string}\"},\"query-input\":{\"@type\":\"PropertyValueSpecification\",\"valueRequired\":true,\"valueName\":\"search_term_string\"}}],\"inLanguage\":\"de\"}]}<\/script>\n<!-- \/ Yoast SEO plugin. -->","yoast_head_json":{"title":"Kontakt - cu pages","robots":{"index":"index","follow":"follow","max-snippet":"max-snippet:-1","max-image-preview":"max-image-preview:large","max-video-preview":"max-video-preview:-1"},"canonical":"https:\/\/cupages.com\/?page_id=35","og_locale":"de_DE","og_type":"article","og_title":"Kontakt - cu pages","og_url":"https:\/\/cupages.com\/?page_id=35","og_site_name":"cu pages","article_modified_time":"2026-04-19T11:36:15+00:00","twitter_card":"summary_large_image","twitter_misc":{"Gesch\u00e4tzte Lesezeit":"1\u00a0Minute"},"schema":{"@context":"https:\/\/schema.org","@graph":[{"@type":"WebPage","@id":"https:\/\/cupages.com\/?page_id=35","url":"https:\/\/cupages.com\/?page_id=35","name":"Kontakt - cu pages","isPartOf":{"@id":"https:\/\/cupages.com\/#website"},"datePublished":"2026-04-19T10:44:19+00:00","dateModified":"2026-04-19T11:36:15+00:00","breadcrumb":{"@id":"https:\/\/cupages.com\/?page_id=35#breadcrumb"},"inLanguage":"de","potentialAction":[{"@type":"ReadAction","target":["https:\/\/cupages.com\/?page_id=35"]}]},{"@type":"BreadcrumbList","@id":"https:\/\/cupages.com\/?page_id=35#breadcrumb","itemListElement":[{"@type":"ListItem","position":1,"name":"Start","item":"https:\/\/cupages.com\/?page_id=9"},{"@type":"ListItem","position":2,"name":"Kontakt"}]},{"@type":"WebSite","@id":"https:\/\/cupages.com\/#website","url":"https:\/\/cupages.com\/","name":"cu pages","description":"we see you create","potentialAction":[{"@type":"SearchAction","target":{"@type":"EntryPoint","urlTemplate":"https:\/\/cupages.com\/?s={search_term_string}"},"query-input":{"@type":"PropertyValueSpecification","valueRequired":true,"valueName":"search_term_string"}}],"inLanguage":"de"}]}},"_links":{"self":[{"href":"https:\/\/cupages.com\/index.php?rest_route=\/wp\/v2\/pages\/35","targetHints":{"allow":["GET"]}}],"collection":[{"href":"https:\/\/cupages.com\/index.php?rest_route=\/wp\/v2\/pages"}],"about":[{"href":"https:\/\/cupages.com\/index.php?rest_route=\/wp\/v2\/types\/page"}],"author":[{"embeddable":true,"href":"https:\/\/cupages.com\/index.php?rest_route=\/wp\/v2\/users\/1"}],"replies":[{"embeddable":true,"href":"https:\/\/cupages.com\/index.php?rest_route=%2Fwp%2Fv2%2Fcomments&post=35"}],"version-history":[{"count":6,"href":"https:\/\/cupages.com\/index.php?rest_route=\/wp\/v2\/pages\/35\/revisions"}],"predecessor-version":[{"id":62,"href":"https:\/\/cupages.com\/index.php?rest_route=\/wp\/v2\/pages\/35\/revisions\/62"}],"wp:attachment":[{"href":"https:\/\/cupages.com\/index.php?rest_route=%2Fwp%2Fv2%2Fmedia&parent=35"}],"curies":[{"name":"wp","href":"https:\/\/api.w.org\/{rel}","templated":true}]}}